{"id":191,"date":"2024-02-03T19:26:21","date_gmt":"2024-02-03T18:26:21","guid":{"rendered":"https:\/\/aahavnen2.dk\/?page_id=191"},"modified":"2024-02-03T19:32:46","modified_gmt":"2024-02-03T18:32:46","slug":"foreningens-love","status":"publish","type":"page","link":"http:\/\/aahavnen2.dk\/?page_id=191","title":{"rendered":"Foreningens love"},"content":{"rendered":"\t\t<div data-elementor-type=\"wp-page\" data-elementor-id=\"191\" class=\"elementor elementor-191\">\n\t\t\t\t<div class=\"elementor-element elementor-element-1be469de e-flex e-con-boxed e-con e-parent\" data-id=\"1be469de\" data-element_type=\"container\" data-e-type=\"container\">\n\t\t\t\t\t<div class=\"e-con-inner\">\n\t\t\t\t<div class=\"elementor-element elementor-element-71235ff elementor-widget elementor-widget-text-editor\" data-id=\"71235ff\" data-element_type=\"widget\" data-e-type=\"widget\" data-widget_type=\"text-editor.default\">\n\t\t\t\t<div class=\"elementor-widget-container\">\n\t\t\t\t\t\t\t\t\t<p>Ejerforeningens vedt\u00e6gter er foreningens grundlov og styrer foreningens virkem\u00e5de som for eksempel:<br><ul><li>Foreningens navn<\/li><li>Medlemskab<\/li><li>Fordelingstal<\/li><li>Generalforsamling<\/li><li>Bestyrelse<\/li><li>Regnskabs\u00e5r<\/li><li>F\u00e6llesudgifter<\/li><li>Grundfond<\/li><li>Vedligeholdelse<\/li><li>Misligeholdelse<\/li><li>Husorden<\/li><\/ul>Der har siden starten v\u00e6ret mindre rettelser\/tilf\u00f8jelser i vedt\u00e6gterne.<\/p>\n<p><\/p>\n<ul>\n<li class=\"wp-block-file\"><a id=\"wp-block-file--media-06c9b973-723d-4dfd-9964-88e120b7b27a\" href=\"https:\/\/aahavnen2.dk\/wp-content\/uploads\/2024\/02\/080331-alonge-til-vedtaegter-for-ejerforeningen-aahavnen-II.pdf\">080331-alonge-til-vedtaegter-for-ejerforeningen-aahavnen-II<\/a><a class=\"wp-block-file__button wp-element-button\" href=\"https:\/\/aahavnen2.dk\/wp-content\/uploads\/2024\/02\/080331-alonge-til-vedtaegter-for-ejerforeningen-aahavnen-II.pdf\" download=\"\" aria-describedby=\"wp-block-file--media-06c9b973-723d-4dfd-9964-88e120b7b27a\">Download<\/a><\/li>\n<\/ul>\n<p><\/p>\t\t\t\t\t\t\t\t<\/div>\n\t\t\t\t<\/div>\n\t\t\t\t\t<\/div>\n\t\t\t\t<\/div>\n\t\t\t\t<\/div>\n\t\t","protected":false},"excerpt":{"rendered":"<p>Ejerforeningens vedt\u00e6gter er foreningens grundlov og styrer foreningens virkem\u00e5de som for eksempel: Foreningens navn Medlemskab Fordelingstal Generalforsamling Bestyrelse Regnskabs\u00e5r F\u00e6llesudgifter Grundfond Vedligeholdelse [&hellip;]<\/p>\n","protected":false},"author":1,"featured_media":0,"parent":0,"menu_order":0,"comment_status":"closed","ping_status":"closed","template":"","meta":{"footnotes":""},"class_list":{"0":"post-191","1":"page","2":"type-page","3":"status-publish","5":"col-md-12"},"_links":{"self":[{"href":"http:\/\/aahavnen2.dk\/index.php?rest_route=\/wp\/v2\/pages\/191","targetHints":{"allow":["GET"]}}],"collection":[{"href":"http:\/\/aahavnen2.dk\/index.php?rest_route=\/wp\/v2\/pages"}],"about":[{"href":"http:\/\/aahavnen2.dk\/index.php?rest_route=\/wp\/v2\/types\/page"}],"author":[{"embeddable":true,"href":"http:\/\/aahavnen2.dk\/index.php?rest_route=\/wp\/v2\/users\/1"}],"replies":[{"embeddable":true,"href":"http:\/\/aahavnen2.dk\/index.php?rest_route=%2Fwp%2Fv2%2Fcomments&post=191"}],"version-history":[{"count":6,"href":"http:\/\/aahavnen2.dk\/index.php?rest_route=\/wp\/v2\/pages\/191\/revisions"}],"predecessor-version":[{"id":202,"href":"http:\/\/aahavnen2.dk\/index.php?rest_route=\/wp\/v2\/pages\/191\/revisions\/202"}],"wp:attachment":[{"href":"http:\/\/aahavnen2.dk\/index.php?rest_route=%2Fwp%2Fv2%2Fmedia&parent=191"}],"curies":[{"name":"wp","href":"https:\/\/api.w.org\/{rel}","templated":true}]}}