{"id":327,"date":"2024-02-07T20:36:35","date_gmt":"2024-02-07T19:36:35","guid":{"rendered":"https:\/\/aahavnen2.dk\/?page_id=327"},"modified":"2025-04-21T20:01:26","modified_gmt":"2025-04-21T19:01:26","slug":"ladestander","status":"publish","type":"page","link":"http:\/\/aahavnen2.dk\/?page_id=327","title":{"rendered":"Ladestander"},"content":{"rendered":"\t\t<div data-elementor-type=\"wp-page\" data-elementor-id=\"327\" class=\"elementor elementor-327\">\n\t\t\t\t<div class=\"elementor-element elementor-element-693ef889 e-flex e-con-boxed e-con e-parent\" data-id=\"693ef889\" data-element_type=\"container\" data-e-type=\"container\">\n\t\t\t\t\t<div class=\"e-con-inner\">\n\t\t\t\t<div class=\"elementor-element elementor-element-2c1e861a elementor-widget elementor-widget-text-editor\" data-id=\"2c1e861a\" data-element_type=\"widget\" data-e-type=\"widget\" data-widget_type=\"text-editor.default\">\n\t\t\t\t<div class=\"elementor-widget-container\">\n\t\t\t\t\t\t\t\t\t<p><strong>\u00c5havnens LadeKlub<\/strong><\/p><p><strong>\u00a0 \u00a0 \u00a0 \u00a0 \u00a0 \u00a0 \u00a0 \u00a0 \u00a0 \u00a0 \u00a0 \u00a0 \u00a0 \u00a0 \u00a0 \u00a0 \u00a0 \u00a0 \u00a0 \u00a0 \u00a0 \u00a0 \u00a0 \u00a0 \u00a0 \u00a0 \u00a0 \u00a0 \u00a0 \u00a0 \u00a0 \u00a0 \u00a0 \u00a0 \u00a0 \u00a0 \u00a0 \u00a0 \u00a0 \u00a0 \u00a0 \u00a0 \u00a0 \u00a0 \u00a0 \u00a0 \u00a0 \u00a0 \u00a0 \u00a0 \u00a0 \u00a0<img fetchpriority=\"high\" decoding=\"async\" class=\"size-medium wp-image-328 alignright\" src=\"http:\/\/aahavnen2.dk\/wp-content\/uploads\/2024\/02\/5418-300x203.jpg\" alt=\"\" width=\"300\" height=\"203\" srcset=\"http:\/\/aahavnen2.dk\/wp-content\/uploads\/2024\/02\/5418-300x203.jpg 300w, http:\/\/aahavnen2.dk\/wp-content\/uploads\/2024\/02\/5418.jpg 400w\" sizes=\"(max-width: 300px) 100vw, 300px\" \/><\/strong><br \/>Ejerforeningens Bestyrelse har oprettet en LadeKlub for de af foreningens medlemmer, der \u00f8nsker at oplade deres elbil her i bebyggelsen.<br \/>Den f\u00e6lles ladestander er opsat ved den gamle petanque-bane. Information om vejledning i ops\u00e6tning af mobilapp, laderegler mv. udleveres til medlemmer af LadeKlubben.<br \/>Ladeprisen svinger alt efter prisen p\u00e5 el. Man kan kun lade p\u00e5 denne stander, hvis man har indmeldt sig ind i \u00c5havnens LadeKlub.<br \/>Indmeldelsesgebyret er 5.000 kr. pr. lejlighed. Bel\u00f8bet kan ikke refunderes eller tilbagebetales.<br \/>Indmeldelsesgebyret g\u00e6lder for lejligheden og f\u00f8lger den ved et eventuelt salg.<br \/>Indmeldelse kan ske ved at sende en mail til <a href=\"http:\/\/Mailto: bestyrelsen@aahavnen2.dk.\" data-wplink-url-error=\"true\">bestyrelsen@aahavnen2.dk.<\/a><br \/>Bestyrelsen svarer tilbage med et kontonummer, som man skal indbetale gebyret til.<br \/>Vedt\u00e6gterne for LadeKlubben kan l\u00e6ses her: <a href=\"http:\/\/aahavnen2.dk\/wp-content\/uploads\/2025\/04\/Reglement-for-anvendelse-af-ladestandere-godkendt-paa-generalforsamling-2024.pdf\">Reglement for anvendelse af ladestandere godkendt p\u00e5 generalforsamling 2024<\/a><\/p>\t\t\t\t\t\t\t\t<\/div>\n\t\t\t\t<\/div>\n\t\t\t\t\t<\/div>\n\t\t\t\t<\/div>\n\t\t\t\t<\/div>\n\t\t","protected":false},"excerpt":{"rendered":"<p>\u00c5havnens LadeKlub \u00a0 \u00a0 \u00a0 \u00a0 \u00a0 \u00a0 \u00a0 \u00a0 \u00a0 \u00a0 \u00a0 \u00a0 \u00a0 \u00a0 \u00a0 \u00a0 \u00a0 \u00a0 \u00a0 \u00a0 [&hellip;]<\/p>\n","protected":false},"author":1,"featured_media":0,"parent":0,"menu_order":0,"comment_status":"closed","ping_status":"closed","template":"","meta":{"footnotes":""},"class_list":{"0":"post-327","1":"page","2":"type-page","3":"status-publish","5":"col-md-12"},"_links":{"self":[{"href":"http:\/\/aahavnen2.dk\/index.php?rest_route=\/wp\/v2\/pages\/327","targetHints":{"allow":["GET"]}}],"collection":[{"href":"http:\/\/aahavnen2.dk\/index.php?rest_route=\/wp\/v2\/pages"}],"about":[{"href":"http:\/\/aahavnen2.dk\/index.php?rest_route=\/wp\/v2\/types\/page"}],"author":[{"embeddable":true,"href":"http:\/\/aahavnen2.dk\/index.php?rest_route=\/wp\/v2\/users\/1"}],"replies":[{"embeddable":true,"href":"http:\/\/aahavnen2.dk\/index.php?rest_route=%2Fwp%2Fv2%2Fcomments&post=327"}],"version-history":[{"count":4,"href":"http:\/\/aahavnen2.dk\/index.php?rest_route=\/wp\/v2\/pages\/327\/revisions"}],"predecessor-version":[{"id":548,"href":"http:\/\/aahavnen2.dk\/index.php?rest_route=\/wp\/v2\/pages\/327\/revisions\/548"}],"wp:attachment":[{"href":"http:\/\/aahavnen2.dk\/index.php?rest_route=%2Fwp%2Fv2%2Fmedia&parent=327"}],"curies":[{"name":"wp","href":"https:\/\/api.w.org\/{rel}","templated":true}]}}