{"id":386,"date":"2024-03-10T12:50:11","date_gmt":"2024-03-10T11:50:11","guid":{"rendered":"https:\/\/aahavnen2.dk\/?page_id=386"},"modified":"2024-03-10T12:50:11","modified_gmt":"2024-03-10T11:50:11","slug":"maling-af-vinduer-doere-indvendigt","status":"publish","type":"page","link":"http:\/\/aahavnen2.dk\/?page_id=386","title":{"rendered":"Maling af vinduer\/d\u00f8re indvendigt."},"content":{"rendered":"<p>Det er vigtigt, at du som beboer i en lejlighed sikre, at vindue- og d\u00f8rkarme olieres indvendigt. Oliering b\u00f8r g\u00f8res ca. hver 2.-3. \u00e5r eller samtidig med at der males udvendigt.<\/p>\n<p>N\u00e5r du maler indvendigt sikre du at tr\u00e6et har en nogenlunde ens oliem\u00e6thed indvendigt og udvendigt, herved minimeres risikoen for at karme vrider sig eller bliver sk\u00e6ve.<\/p>\n<p>Hvis du ikke selv vil male kan arbejdet selvf\u00f8lgelig udf\u00f8res af en professionel maler.<\/p>\n<p>Af hensyn til dit indvendige milj\u00f8 r\u00e5der vi til at der ikke benyttes maling med fungicid. Fungicid er et svampemiddel, som kun b\u00f8r bruges udvendigt.<\/p>\n<p>Vi har fundet to typer olie til indvendig brug uden fungicid:<\/p>\n<p><a href=\"https:\/\/www.junckers.dk\/traepleje\/varekort\/koekken-bordpladeolie\"><b>Junckers k\u00f8kkenbord olie<\/b><\/a><\/p>\n<p><a href=\"https:\/\/triptrapwoodcare.dk\/vare\/koekkenbordsolie\/\">Trip Trap k\u00f8kkenbordsolie<\/a><\/p>\n","protected":false},"excerpt":{"rendered":"<p>Det er vigtigt, at du som beboer i en lejlighed sikre, at vindue- og d\u00f8rkarme olieres indvendigt. Oliering b\u00f8r g\u00f8res ca. hver [&hellip;]<\/p>\n","protected":false},"author":1,"featured_media":0,"parent":0,"menu_order":0,"comment_status":"closed","ping_status":"closed","template":"","meta":{"footnotes":""},"class_list":{"0":"post-386","1":"page","2":"type-page","3":"status-publish","5":"col-md-12"},"_links":{"self":[{"href":"http:\/\/aahavnen2.dk\/index.php?rest_route=\/wp\/v2\/pages\/386","targetHints":{"allow":["GET"]}}],"collection":[{"href":"http:\/\/aahavnen2.dk\/index.php?rest_route=\/wp\/v2\/pages"}],"about":[{"href":"http:\/\/aahavnen2.dk\/index.php?rest_route=\/wp\/v2\/types\/page"}],"author":[{"embeddable":true,"href":"http:\/\/aahavnen2.dk\/index.php?rest_route=\/wp\/v2\/users\/1"}],"replies":[{"embeddable":true,"href":"http:\/\/aahavnen2.dk\/index.php?rest_route=%2Fwp%2Fv2%2Fcomments&post=386"}],"version-history":[{"count":1,"href":"http:\/\/aahavnen2.dk\/index.php?rest_route=\/wp\/v2\/pages\/386\/revisions"}],"predecessor-version":[{"id":387,"href":"http:\/\/aahavnen2.dk\/index.php?rest_route=\/wp\/v2\/pages\/386\/revisions\/387"}],"wp:attachment":[{"href":"http:\/\/aahavnen2.dk\/index.php?rest_route=%2Fwp%2Fv2%2Fmedia&parent=386"}],"curies":[{"name":"wp","href":"https:\/\/api.w.org\/{rel}","templated":true}]}}