{"id":451,"date":"2024-03-10T20:35:51","date_gmt":"2024-03-10T19:35:51","guid":{"rendered":"https:\/\/aahavnen2.dk\/?page_id=451"},"modified":"2024-03-10T20:35:51","modified_gmt":"2024-03-10T19:35:51","slug":"vedligehold-af-bebyggelsen","status":"publish","type":"page","link":"http:\/\/aahavnen2.dk\/?page_id=451","title":{"rendered":"Vedligehold af bebyggelsen"},"content":{"rendered":"<p>Oliering af tr\u00e6v\u00e6rk<br \/>\nUden bestyrelsens samtykke m\u00e5 ejerne ikke foretage \u00e6ndringer, reparationer eller maling i anden farve udenfor ejerlejlighederne, herunder udvendig maling af tr\u00e6v\u00e6rk og hegn (Uddrag af Allonge til vedt\u00e6gter for Ejerforeningen \u00c5havnen II &#8211; \u00a719).\u00a0 Se hele Allonge til vedt\u00e6gterne <a href=\"https:\/\/aahavnen2.dk\/wp-content\/uploads\/2024\/02\/080331-alonge-til-vedtaegter-for-ejerforeningen-aahavnen-II-1.pdf\">her<\/a><br \/>\nP\u00e5 generalforsamlingen den 25. marts 2015 blev det besluttet, at oliering alene skulle omfatte vinduer og d\u00f8re.<br \/>\nDet er desuden besluttet, at r\u00e6kv\u00e6rk \/hegn ved terrasser og skraldespandstativer fremover ikke olieres.\u00a0 Tr\u00e6v\u00e6rket vil blive renset for aljer i gang om \u00e5ret.<\/p>\n","protected":false},"excerpt":{"rendered":"<p>Oliering af tr\u00e6v\u00e6rk Uden bestyrelsens samtykke m\u00e5 ejerne ikke foretage \u00e6ndringer, reparationer eller maling i anden farve udenfor ejerlejlighederne, herunder udvendig maling [&hellip;]<\/p>\n","protected":false},"author":1,"featured_media":0,"parent":0,"menu_order":0,"comment_status":"closed","ping_status":"closed","template":"","meta":{"footnotes":""},"class_list":{"0":"post-451","1":"page","2":"type-page","3":"status-publish","5":"col-md-12"},"_links":{"self":[{"href":"http:\/\/aahavnen2.dk\/index.php?rest_route=\/wp\/v2\/pages\/451","targetHints":{"allow":["GET"]}}],"collection":[{"href":"http:\/\/aahavnen2.dk\/index.php?rest_route=\/wp\/v2\/pages"}],"about":[{"href":"http:\/\/aahavnen2.dk\/index.php?rest_route=\/wp\/v2\/types\/page"}],"author":[{"embeddable":true,"href":"http:\/\/aahavnen2.dk\/index.php?rest_route=\/wp\/v2\/users\/1"}],"replies":[{"embeddable":true,"href":"http:\/\/aahavnen2.dk\/index.php?rest_route=%2Fwp%2Fv2%2Fcomments&post=451"}],"version-history":[{"count":1,"href":"http:\/\/aahavnen2.dk\/index.php?rest_route=\/wp\/v2\/pages\/451\/revisions"}],"predecessor-version":[{"id":452,"href":"http:\/\/aahavnen2.dk\/index.php?rest_route=\/wp\/v2\/pages\/451\/revisions\/452"}],"wp:attachment":[{"href":"http:\/\/aahavnen2.dk\/index.php?rest_route=%2Fwp%2Fv2%2Fmedia&parent=451"}],"curies":[{"name":"wp","href":"https:\/\/api.w.org\/{rel}","templated":true}]}}