{"id":518,"date":"2024-11-17T17:33:33","date_gmt":"2024-11-17T16:33:33","guid":{"rendered":"https:\/\/aahavnen2.dk\/?page_id=518"},"modified":"2024-11-17T17:41:54","modified_gmt":"2024-11-17T16:41:54","slug":"vinterbekaempelse","status":"publish","type":"page","link":"http:\/\/aahavnen2.dk\/?page_id=518","title":{"rendered":"Vinterbek\u00e6mpelse"},"content":{"rendered":"\t\t<div data-elementor-type=\"wp-page\" data-elementor-id=\"518\" class=\"elementor elementor-518\">\n\t\t\t\t<div class=\"elementor-element elementor-element-6bc8c0df e-flex e-con-boxed e-con e-parent\" data-id=\"6bc8c0df\" data-element_type=\"container\" data-e-type=\"container\">\n\t\t\t\t\t<div class=\"e-con-inner\">\n\t\t\t\t<div class=\"elementor-element elementor-element-78bd602f elementor-widget elementor-widget-text-editor\" data-id=\"78bd602f\" data-element_type=\"widget\" data-e-type=\"widget\" data-widget_type=\"text-editor.default\">\n\t\t\t\t<div class=\"elementor-widget-container\">\n\t\t\t\t\t\t\t\t\t\n<p>Fordi vi alle bor i ejerlejligheder, ejer vi if\u00f8lge ejerlejlighedsloven ikke de udvendige veje, stier, trapperne, trapperepos og terrasserne foran vores hovedd\u00f8re. Ejeren er Ejerlejlighedsforeningen \u00c5havnen 2, som vi alle er forpligtet til at v\u00e6re medlemmer af.<\/p>\n\n\n\n<p>If\u00f8lge Vejlovens kapitel 8 er det grundejeren, der har pligt til at snerydde og glatf\u00f8rebek\u00e6mpe fortove, stier og udvendige trapper, hvilket indeb\u00e6rer, at det er ejerforeningen, der er forpligtet hertil og ikke de enkelte ejerlejlighedsejere. Ejerforeningen kan ikke beslutte, at ansvaret skal overg\u00e5 til de enkelte lejlighedsejere.<\/p>\n\n\n\n<p>Hvis der m\u00e5tte ske en faldulykke p\u00e5 vores f\u00e6llesarealer, vil det v\u00e6re ejerforeningen, der som grundejer skal betale erstatning og afh\u00e6ngig af omst\u00e6ndighederne kan foreningen og de enkelte bestyrelsesmedlemmer ifalde s\u00e5vel b\u00f8destraf som erstatningsansvar.<\/p>\n\n\n\n<p>For at sikre at ejerforeningen overholder g\u00e6ldende lovgivning, har vi en aftale med et servicefirma om vinterbek\u00e6mpelse p\u00e5 foreningens f\u00e6llesarealer.<\/p>\n\n\n\n<p>Aftalen indeb\u00e6rer, at der i en bredde p\u00e5 ca. 60 cm vil blive ryddet sne og\/eller saltet fra trappen og hen til affaldsbeholderne, hen langs affaldsbeholderne, fra affaldsbeholderne til hovedd\u00f8ren i stuen og fra hovedd\u00f8ren i stuen langs trappen til vejen. Endvidere vil der blive ryddet p\u00e5 trapperne inklusiv den del af reposen der er fra toppen af trappen frem til hovedd\u00f8ren. Omr\u00e5derne saltes ved behov \u2013 dog anvendes der sand p\u00e5 trapperne for at undg\u00e5 skader p\u00e5 galvaniseringen.<\/p>\n\n\n\n<p>Firmaet, der har p\u00e5taget sig at s\u00f8rge for forsvarlig vinterbek\u00e6mpelse, har i aftalen taget forbehold for, at der ikke er tilfredsstillende adgangsforhold og at der ikke er p\u00e5monteret plader p\u00e5 trappetrinene, fordi s\u00e5danne plader \u00f8ger risikoen for isdannelser. Servicefirmaet vil i disse tilf\u00e6lde fotodokumentere de faktiske forhold for selv at undg\u00e5 at blive ansvarlig for evt. ulykker. Bestyrelsen opfordrer derfor alle til, inden det bliver vinter, at sikre fri adgang til gangarealerne p\u00e5 terrasseomr\u00e5det foran facaden, evt. ved at flytte urtepotter og andet l\u00f8s\u00f8re ind mod muren eller hen under trappen og at fjerne genstande fra trappen. En anden mulighed er for stuelejlighederne at flytte s\u00e5danne genstande om p\u00e5 terrassen p\u00e5 den modsatte side af lejligheden<\/p>\n\t\t\t\t\t\t\t\t<\/div>\n\t\t\t\t<\/div>\n\t\t\t\t\t<\/div>\n\t\t\t\t<\/div>\n\t\t\t\t<\/div>\n\t\t","protected":false},"excerpt":{"rendered":"<p>Fordi vi alle bor i ejerlejligheder, ejer vi if\u00f8lge ejerlejlighedsloven ikke de udvendige veje, stier, trapperne, trapperepos og terrasserne foran vores hovedd\u00f8re. [&hellip;]<\/p>\n","protected":false},"author":1,"featured_media":0,"parent":0,"menu_order":0,"comment_status":"closed","ping_status":"closed","template":"","meta":{"footnotes":""},"class_list":{"0":"post-518","1":"page","2":"type-page","3":"status-publish","5":"col-md-12"},"_links":{"self":[{"href":"http:\/\/aahavnen2.dk\/index.php?rest_route=\/wp\/v2\/pages\/518","targetHints":{"allow":["GET"]}}],"collection":[{"href":"http:\/\/aahavnen2.dk\/index.php?rest_route=\/wp\/v2\/pages"}],"about":[{"href":"http:\/\/aahavnen2.dk\/index.php?rest_route=\/wp\/v2\/types\/page"}],"author":[{"embeddable":true,"href":"http:\/\/aahavnen2.dk\/index.php?rest_route=\/wp\/v2\/users\/1"}],"replies":[{"embeddable":true,"href":"http:\/\/aahavnen2.dk\/index.php?rest_route=%2Fwp%2Fv2%2Fcomments&post=518"}],"version-history":[{"count":4,"href":"http:\/\/aahavnen2.dk\/index.php?rest_route=\/wp\/v2\/pages\/518\/revisions"}],"predecessor-version":[{"id":524,"href":"http:\/\/aahavnen2.dk\/index.php?rest_route=\/wp\/v2\/pages\/518\/revisions\/524"}],"wp:attachment":[{"href":"http:\/\/aahavnen2.dk\/index.php?rest_route=%2Fwp%2Fv2%2Fmedia&parent=518"}],"curies":[{"name":"wp","href":"https:\/\/api.w.org\/{rel}","templated":true}]}}