{"id":63,"date":"2024-02-02T16:46:56","date_gmt":"2024-02-02T16:46:56","guid":{"rendered":"http:\/\/aahavnen2.dk\/ny_side\/?page_id=63"},"modified":"2026-04-19T07:21:19","modified_gmt":"2026-04-19T06:21:19","slug":"bestyrelsen","status":"publish","type":"page","link":"http:\/\/aahavnen2.dk\/?page_id=63","title":{"rendered":"Bestyrelsen"},"content":{"rendered":"<p>Bestyrelsen v\u00e6lges af generalforsamlingen.\u00a0Den best\u00e5r af 2-4 medlemmer foruden formanden, der v\u00e6lges s\u00e6rskilt.\u00a0Desuden v\u00e6lges to suppleanter.\u00a0\u00a0Valgbar som formand, medlemmer af bestyrelsen og som\u00a0suppleanter er kun ejerforeningens medlemmer samt disses \u00e6gtef\u00e6ller.\u00a0Et medlem og dets \u00e6gtef\u00e6lle kan dog ikke v\u00e6re samtidige medlemmer af\u00a0bestyrelsen.\u00a0Bestyrelsens formand, medlemmer og suppleanter v\u00e6lges for to \u00e5r.\u00a0Genvalg kan finde sted.\u00a0\u00a0Ved afgang mellem de ordin\u00e6re generalforsamlinger, indtr\u00e6der\u00a0de valgte suppleanter i bestyrelsen.<\/p>\n<p>Bestyrelsen har ledelsen af ejerforeningens anliggender.\u00a0Det p\u00e5hviler bestyrelsen at s\u00f8rge for god og forsvarlig varetagelse af ejendommens f\u00e6lles anliggender, herunder betaling af f\u00e6lles\u00a0udgifter, tegning af s\u00e6dvanlige forsikringer (herunder brandforsikring og kombineret grundejerforsikring), renholdelse, vedligeholdelse\u00a0og fornyelser i det omfang, s\u00e5danne foranstaltninger efter ejendommens karakter m\u00e5 anses for p\u00e5kr\u00e6vet.\u00a0 Bestyrelsen skal sikre, at\u00a0administrationen af ejendommen foreg\u00e5r forsvarligt, og at der f\u00f8res forsvarligt regnskab over ejerforeningens indt\u00e6gter og udgifter.<\/p>\n<p><b>Bestyrelsen 2025 -2026:<\/b><\/p>\n<p>Formand: Jesper M\u00f8ller Petersen<\/p>\n<p>\u00d8konomi: Per Kraul<\/p>\n<p>John Lynge Pedersen<\/p>\n<p>Dorthe Lindegaard Henriksen<\/p>\n<p>Maj-Britt Flarup Jensen<\/p>\n<p><b>Suppleanter:<\/b><\/p>\n<p>Aase M\u00f8ller<\/p>\n<p>Udtr\u00e5dt pr. 31\/3-26: Linda Dsenselovsky<\/p>\n","protected":false},"excerpt":{"rendered":"<p>Bestyrelsen v\u00e6lges af generalforsamlingen.\u00a0Den best\u00e5r af 2-4 medlemmer foruden formanden, der v\u00e6lges s\u00e6rskilt.\u00a0Desuden v\u00e6lges to suppleanter.\u00a0\u00a0Valgbar som formand, medlemmer af bestyrelsen og [&hellip;]<\/p>\n","protected":false},"author":1,"featured_media":0,"parent":0,"menu_order":0,"comment_status":"closed","ping_status":"closed","template":"","meta":{"footnotes":""},"class_list":{"0":"post-63","1":"page","2":"type-page","3":"status-publish","5":"col-md-12"},"_links":{"self":[{"href":"http:\/\/aahavnen2.dk\/index.php?rest_route=\/wp\/v2\/pages\/63","targetHints":{"allow":["GET"]}}],"collection":[{"href":"http:\/\/aahavnen2.dk\/index.php?rest_route=\/wp\/v2\/pages"}],"about":[{"href":"http:\/\/aahavnen2.dk\/index.php?rest_route=\/wp\/v2\/types\/page"}],"author":[{"embeddable":true,"href":"http:\/\/aahavnen2.dk\/index.php?rest_route=\/wp\/v2\/users\/1"}],"replies":[{"embeddable":true,"href":"http:\/\/aahavnen2.dk\/index.php?rest_route=%2Fwp%2Fv2%2Fcomments&post=63"}],"version-history":[{"count":50,"href":"http:\/\/aahavnen2.dk\/index.php?rest_route=\/wp\/v2\/pages\/63\/revisions"}],"predecessor-version":[{"id":608,"href":"http:\/\/aahavnen2.dk\/index.php?rest_route=\/wp\/v2\/pages\/63\/revisions\/608"}],"wp:attachment":[{"href":"http:\/\/aahavnen2.dk\/index.php?rest_route=%2Fwp%2Fv2%2Fmedia&parent=63"}],"curies":[{"name":"wp","href":"https:\/\/api.w.org\/{rel}","templated":true}]}}