{"id":456,"date":"2024-03-10T20:49:09","date_gmt":"2024-03-10T19:49:09","guid":{"rendered":"https:\/\/aahavnen2.dk\/?page_id=456"},"modified":"2024-03-10T21:10:57","modified_gmt":"2024-03-10T20:10:57","slug":"parkering","status":"publish","type":"page","link":"https:\/\/aahavnen2.dk\/?page_id=456","title":{"rendered":"Parkering"},"content":{"rendered":"<div class=\"xr_group\"><\/div>\n<div class=\"xr_txt xr_s1\"><strong><span class=\"xr_tl NewHeadingStyle1 xr_s11\"><span class=\"NewHeadingStyle1 xr_s3\">Parkering indenfor Ejerforeningen<\/span><\/span><\/strong><\/div>\n<div class=\"xr_txt xr_s1\"><span class=\"xr_tl Normal_text NewTextStyle xr_s5\">Parkering m\u00e5 kun finde sted p\u00e5 de afm\u00e6rkede omr\u00e5der.<\/span>\u00a0<span class=\"xr_tl Normal_text NewTextStyle xr_s5\">Til hver lejlighed i ejerforeningen er der reserveret en parkeringsplads.<\/span>\u00a0<span class=\"xr_tl Normal_text NewTextStyle xr_s5\">Parkeringspladserne er nummererede, s\u00e5 plads- og husnummer passer sammen.<\/span>\u00a0<span class=\"xr_tl Normal_text NewTextStyle xr_s5\">Hvis man har mere end en bil, m\u00e5 den anden holde udenfor ejerforeningens omr\u00e5de.<\/span><span class=\"xr_tl Normal_text NewTextStyle xr_s4\"><span class=\"Normal_text NewTextStyle xr_s5\">Se en udvidet beskrivelse <\/span><span class=\"Hyperlink xr_s12\"><a href=\"https:\/\/aahavnen2.dk\/wp-content\/uploads\/2024\/02\/080219-parkeringsforhold-2.pdf\" target=\"_blank\" rel=\"noopener\">her<\/a><\/span><span class=\"Normal_text NewTextStyle xr_s5\">\u00a0<\/span><\/span><\/div>\n<div class=\"xr_txt xr_s1\"><span class=\"xr_tl Normal_text NewTextStyle xr_s5\">Det er ikke tilladt at lade bilen k\u00f8re i tomgang mere end 1 minut. Hent K\u00f8ge Kommunes tomgangsregulativ\u00a0<a href=\"https:\/\/www.koege.dk\/borger\/parkering-trafik-og-veje\/trafik\/tomgangsregulativ\" target=\"_blank\" rel=\"noopener\">her<\/a>.<\/span><\/div>\n<div class=\"xr_txt xr_s1\"><span class=\"xr_tl NewHeadingStyle1 xr_s11\"><span class=\"NewHeadingStyle1 xr_s3\">P-forhold udenfor Ejerforeningen<\/span><\/span>\u00a0<span class=\"xr_tl Normal_text NewTextStyle xr_s5\">De mest oplagte steder at parkere udenfor ejerforeningens omr\u00e5de ved Vestre Havnevej og Carlsensvej.<\/span>\u00a0<span class=\"xr_tl Normal_text NewTextStyle xr_s5\">Kommunens P-vagter er meget ivrige for, at reglerne overholdes, sk\u00f8nt ikke alle regler er lige lette at gennemskue.<\/span><\/div>\n<div>V\u00e6r is\u00e6r opm\u00e6rksom p\u00e5 f\u00e6rdselslovens \u00a7 29 stk. pkt. 2 vedr\u00f8rende parkering i et vejkryds. Denne regel betyder bl.a., at du ikke m\u00e5 parkere p\u00e5 f.eks. Carlsensvej og Vestre Havnevej p\u00e5 stykkerne ud for \u00c5havnens veje.<\/div>\n<div class=\"xr_txt xr_s1\"><span class=\"xr_tl Normal_text NewTextStyle xr_s5\">Du kan l\u00e6se mere om K\u00f8ge kommunes parkeringsregler <a href=\"https:\/\/www.koege.dk\/borger\/parkering-trafik-og-veje\/parkering\/parkering-i-koege-midtby\">her<\/a><\/span><\/div>\n<div><\/div>\n<div><\/div>\n<div>F\u00e6rdselslovens <a href=\"https:\/\/danskelove.dk\/f%C3%A6rdselsloven\/29\">\u00a7 29<\/a><\/div>\n<div>Gode r\u00e5d om parkering fra <a href=\"https:\/\/fdm.dk\/alt-om-biler\/love-regler\/parkering\/undgaa-en-afgift-parkering\">FDM.<\/a><\/div>\n","protected":false},"excerpt":{"rendered":"<p>Parkering indenfor Ejerforeningen Parkering m\u00e5 kun finde sted p\u00e5 de afm\u00e6rkede omr\u00e5der.\u00a0Til hver lejlighed i ejerforeningen er der reserveret en parkeringsplads.\u00a0Parkeringspladserne er [&hellip;]<\/p>\n","protected":false},"author":1,"featured_media":0,"parent":0,"menu_order":0,"comment_status":"closed","ping_status":"closed","template":"","meta":{"footnotes":""},"class_list":{"0":"post-456","1":"page","2":"type-page","3":"status-publish","5":"col-md-12"},"_links":{"self":[{"href":"https:\/\/aahavnen2.dk\/index.php?rest_route=\/wp\/v2\/pages\/456","targetHints":{"allow":["GET"]}}],"collection":[{"href":"https:\/\/aahavnen2.dk\/index.php?rest_route=\/wp\/v2\/pages"}],"about":[{"href":"https:\/\/aahavnen2.dk\/index.php?rest_route=\/wp\/v2\/types\/page"}],"author":[{"embeddable":true,"href":"https:\/\/aahavnen2.dk\/index.php?rest_route=\/wp\/v2\/users\/1"}],"replies":[{"embeddable":true,"href":"https:\/\/aahavnen2.dk\/index.php?rest_route=%2Fwp%2Fv2%2Fcomments&post=456"}],"version-history":[{"count":4,"href":"https:\/\/aahavnen2.dk\/index.php?rest_route=\/wp\/v2\/pages\/456\/revisions"}],"predecessor-version":[{"id":464,"href":"https:\/\/aahavnen2.dk\/index.php?rest_route=\/wp\/v2\/pages\/456\/revisions\/464"}],"wp:attachment":[{"href":"https:\/\/aahavnen2.dk\/index.php?rest_route=%2Fwp%2Fv2%2Fmedia&parent=456"}],"curies":[{"name":"wp","href":"https:\/\/api.w.org\/{rel}","templated":true}]}}